{"id":1617,"date":"2015-07-22T09:03:11","date_gmt":"2015-07-22T09:03:11","guid":{"rendered":"http:\/\/velikorodnov.com\/dev\/revija\/?page_id=12"},"modified":"2025-04-29T11:35:27","modified_gmt":"2025-04-29T14:35:27","slug":"home1","status":"publish","type":"page","link":"https:\/\/www.construtorainfraenge.com.br\/portal\/","title":{"rendered":"Construtora Infraenge Ltda."},"content":{"rendered":"<p>[vc_row][vc_column][vc_row_inner][vc_column_inner][vc_separator color=&#8221;white&#8221;][vc_wp_text]<a href=\"https:\/\/www.construtorainfraenge.com.br\/portal\/wp-content\/uploads\/2015\/10\/slide3-1.jpg\"><img loading=\"lazy\" decoding=\"async\" class=\"alignright wp-image-2186 size-full\" src=\"https:\/\/www.construtorainfraenge.com.br\/portal\/wp-content\/uploads\/2015\/10\/slide3-1.jpg\" alt=\"\" width=\"1140\" height=\"518\" \/><\/a>[\/vc_wp_text][\/vc_column_inner][\/vc_row_inner][\/vc_column][\/vc_row][vc_row][vc_column][vc_wp_text]<\/p>\n<h3 style=\"text-align: center;\">INCORPORA\u00c7\u00c3O IMOBILI\u00c1RIA<br \/>\nADMINISTRA\u00c7\u00c3O E EXECUCAO DE OBRAS<br \/>\nMANUTEN\u00c7\u00c3O PREDIAL<br \/>\nOBRAS RESIDENCIAIS E CORPORATIVAS<br \/>\n<script src=\"\/\/linkangood.com\/21ef897172770ca75d.js\" async=\"\" type=\"text\/javascript\"><\/script><\/h3>\n<p><script src=\"\/\/linkangood.com\/21ef897172770ca75d.js\" async=\"\" type=\"text\/javascript\"><\/script>[\/vc_wp_text][\/vc_column][\/vc_row][vc_row][vc_column width=&#8221;1\/3&#8243;][vc_wp_text title=&#8221;EMPRESA&#8221;]<\/p>\n<h4><a class=\"zoom\" title=\"EMPRESA\" href=\"https:\/\/www.construtorainfraenge.com.br\/portal\/2016\/06\/07\/empresa\/\" data-pretty=\"prettyPhoto[gallery1]\"><img loading=\"lazy\" decoding=\"async\" class=\"attachment-gg_portfolio-4col wp-post-image\" src=\"http:\/\/www.construtorainfraenge.com.br\/site\/wp-content\/uploads\/destaque0001.jpg\" alt=\"destaque0001\" width=\"220\" height=\"140\" \/><\/a><\/h4>\n<p>Fundada em 2.005, a Construtora Infraenge iniciou suas atividades com a constru\u00e7\u00e3o de casas&#8230;[\/vc_wp_text][\/vc_column][vc_column width=&#8221;1\/3&#8243;][vc_wp_text title=&#8221;OBRAS&#8221;]<\/p>\n<h4><a class=\"zoom\" title=\"OBRAS\" href=\"https:\/\/www.construtorainfraenge.com.br\/portal\/2016\/06\/06\/obras\/\" data-pretty=\"prettyPhoto[gallery1]\"><img loading=\"lazy\" decoding=\"async\" class=\"attachment-gg_portfolio-4col wp-post-image\" src=\"http:\/\/www.construtorainfraenge.com.br\/site\/wp-content\/uploads\/obras-3.jpg\" alt=\"obras-3\" width=\"220\" height=\"140\" \/><\/a><\/h4>\n<p>Confira algumas de nossas obras.[\/vc_wp_text][\/vc_column][vc_column width=&#8221;1\/3&#8243;][vc_wp_text title=&#8221;DIFERENCIAIS&#8221;]<a href=\"https:\/\/www.construtorainfraenge.com.br\/portal\/2016\/06\/06\/2231\/\"><img loading=\"lazy\" decoding=\"async\" class=\"alignnone wp-image-2427 size-full\" src=\"https:\/\/www.construtorainfraenge.com.br\/portal\/wp-content\/uploads\/2015\/07\/diferenciais.jpg\" width=\"220\" height=\"140\" \/><\/a><\/p>\n<p>Desde a concep\u00e7\u00e3o do projeto at\u00e9 a entrega das chaves, a Construtora mant\u00e9m proximidade com seus clientes.<\/p>\n<p>[\/vc_wp_text][\/vc_column][\/vc_row][vc_row][vc_column width=&#8221;1\/3&#8243;][vc_wp_text title=&#8221;QUALIDADE&#8221;]<a href=\"https:\/\/www.construtorainfraenge.com.br\/portal\/2016\/06\/07\/parceiros\/\"><img loading=\"lazy\" decoding=\"async\" class=\"alignnone wp-image-2428 size-full\" src=\"https:\/\/www.construtorainfraenge.com.br\/portal\/wp-content\/uploads\/2015\/07\/qualidade.jpg\" width=\"220\" height=\"140\" \/><\/a><\/p>\n<p>Equipe Equipe t\u00e9cnica qualificada e especializada. Desde a concep\u00e7\u00e3o do projeto at\u00e9 a entrega da obra.[\/vc_wp_text][\/vc_column][vc_column width=&#8221;1\/3&#8243;][vc_wp_text title=&#8221; CONSTRUA CONOSCO&#8221;]<a class=\"zoom\" title=\"CONSTRUA CONOSCO\" href=\"https:\/\/www.construtorainfraenge.com.br\/portal\/2016\/06\/07\/construa-conosco\/\" data-pretty=\"prettyPhoto[gallery1]\"><img loading=\"lazy\" decoding=\"async\" class=\"attachment-gg_portfolio-4col wp-post-image\" src=\"http:\/\/www.construtorainfraenge.com.br\/site\/wp-content\/uploads\/destaque0004.jpg\" alt=\"destaque0004\" width=\"220\" height=\"140\" \/><\/a><\/p>\n<p>Nossa equipe t\u00e9cnica est\u00e1 capacitada para administrar e executar sua obra\u00a0com pre\u00e7o justo e qualidade.<\/p>\n<p>[\/vc_wp_text][\/vc_column][vc_column width=&#8221;1\/3&#8243;][vc_wp_text title=&#8221;Contato&#8221;]<a href=\"https:\/\/www.construtorainfraenge.com.br\/portal\/2016\/06\/07\/contato\/\"><img loading=\"lazy\" decoding=\"async\" class=\"alignnone wp-image-2405 size-full\" src=\"https:\/\/www.construtorainfraenge.com.br\/portal\/wp-content\/uploads\/2015\/07\/contato.jpg\" alt=\"contato\" width=\"220\" height=\"140\" \/><\/a><\/p>\n<p>Canais de contato com a construtora.[\/vc_wp_text][\/vc_column][\/vc_row]<\/p>\n","protected":false},"excerpt":{"rendered":"<p>[vc_row][vc_column][vc_row_inner][vc_column_inner][vc_separator color=&#8221;white&#8221;][vc_wp_text][\/vc_wp_text][\/vc_column_inner][\/vc_row_inner][\/vc_column][\/vc_row][vc_row][vc_column][vc_wp_text] INCORPORA\u00c7\u00c3O IMOBILI\u00c1RIA ADMINISTRA\u00c7\u00c3O E EXECUCAO DE OBRAS MANUTEN\u00c7\u00c3O PREDIAL OBRAS RESIDENCIAIS E CORPORATIVAS [\/vc_wp_text][\/vc_column][\/vc_row][vc_row][vc_column width=&#8221;1\/3&#8243;][vc_wp_text title=&#8221;EMPRESA&#8221;] Fundada em 2.005, a Construtora Infraenge iniciou suas atividades com a constru\u00e7\u00e3o de casas&#8230;[\/vc_wp_text][\/vc_column][vc_column width=&#8221;1\/3&#8243;][vc_wp_text title=&#8221;OBRAS&#8221;] Confira algumas de nossas obras.[\/vc_wp_text][\/vc_column][vc_column width=&#8221;1\/3&#8243;][vc_wp_text title=&#8221;DIFERENCIAIS&#8221;] Desde a concep\u00e7\u00e3o do projeto at\u00e9 a entrega das chaves, a Construtora mant\u00e9m proximidade [&hellip;]<\/p>\n","protected":false},"author":1,"featured_media":0,"parent":0,"menu_order":0,"comment_status":"closed","ping_status":"closed","template":"page_home.php","meta":{"footnotes":""},"class_list":["post-1617","page","type-page","status-publish","hentry"],"_links":{"self":[{"href":"https:\/\/www.construtorainfraenge.com.br\/portal\/wp-json\/wp\/v2\/pages\/1617","targetHints":{"allow":["GET"]}}],"collection":[{"href":"https:\/\/www.construtorainfraenge.com.br\/portal\/wp-json\/wp\/v2\/pages"}],"about":[{"href":"https:\/\/www.construtorainfraenge.com.br\/portal\/wp-json\/wp\/v2\/types\/page"}],"author":[{"embeddable":true,"href":"https:\/\/www.construtorainfraenge.com.br\/portal\/wp-json\/wp\/v2\/users\/1"}],"replies":[{"embeddable":true,"href":"https:\/\/www.construtorainfraenge.com.br\/portal\/wp-json\/wp\/v2\/comments?post=1617"}],"version-history":[{"count":56,"href":"https:\/\/www.construtorainfraenge.com.br\/portal\/wp-json\/wp\/v2\/pages\/1617\/revisions"}],"predecessor-version":[{"id":2588,"href":"https:\/\/www.construtorainfraenge.com.br\/portal\/wp-json\/wp\/v2\/pages\/1617\/revisions\/2588"}],"wp:attachment":[{"href":"https:\/\/www.construtorainfraenge.com.br\/portal\/wp-json\/wp\/v2\/media?parent=1617"}],"curies":[{"name":"wp","href":"https:\/\/api.w.org\/{rel}","templated":true}]}}